{"id":4878,"date":"2021-08-18T14:52:03","date_gmt":"2021-08-18T14:52:03","guid":{"rendered":"http:\/\/dummy.xtemos.com\/woodmart2\/?page_id=4878"},"modified":"2026-02-22T03:53:47","modified_gmt":"2026-02-22T03:53:47","slug":"home-real-estate","status":"publish","type":"page","link":"https:\/\/www.ambulancesdavout.fr\/","title":{"rendered":"Home Real-estate"},"content":{"rendered":"<div class=\"wpb-content-wrapper\"><p>[vc_row full_width=\u00a0\u00bbstretch_row\u00a0\u00bb content_placement=\u00a0\u00bbmiddle\u00a0\u00bb woodmart_bg_position=\u00a0\u00bbleft-top\u00a0\u00bb css=\u00a0\u00bb.vc_custom_1703773172666{margin-bottom: 60px !important;padding-top: 230px !important;background-image: url(http:\/\/www.ambulancesdavout.fr\/wp-content\/uploads\/2021\/08\/real-estate-bg-top.svg?id=4903) !important;background-position: 0 0 !important;background-repeat: no-repeat !important;}\u00a0\u00bb mobile_bg_img_hidden=\u00a0\u00bbno\u00a0\u00bb tablet_bg_img_hidden=\u00a0\u00bbno\u00a0\u00bb woodmart_parallax=\u00a0\u00bb0&Prime; woodmart_gradient_switch=\u00a0\u00bbno\u00a0\u00bb row_reverse_mobile=\u00a0\u00bb1&Prime; row_reverse_tablet=\u00a0\u00bb0&Prime; woodmart_disable_overflow=\u00a0\u00bb0&Prime; el_id=\u00a0\u00bbHome\u00a0\u00bb wd_z_index=\u00a0\u00bbno\u00a0\u00bb woodmart_css_id=\u00a0\u00bb658d83efa653e\u00a0\u00bb responsive_spacing=\u00a0\u00bbeyJwYXJhbV90eXBlIjoid29vZG1hcnRfcmVzcG9uc2l2ZV9zcGFjaW5nIiwic2VsZWN0b3JfaWQiOiI2NThkODNlZmE2NTNlIiwic2hvcnRjb2RlIjoidmNfcm93IiwiZGF0YSI6eyJ0YWJsZXQiOnsibWFyZ2luLWJvdHRvbSI6IjQwcHgiLCJwYWRkaW5nLXRvcCI6IjEwMHB4In0sIm1vYmlsZSI6eyJtYXJnaW4tYm90dG9tIjoiMjBweCJ9fX0=\u00a0\u00bb woodmart_box_shadow=\u00a0\u00bbno\u00a0\u00bb][vc_column width=\u00a0\u00bb1\/2&Prime; offset=\u00a0\u00bbvc_col-xs-12&Prime; mobile_bg_img_hidden=\u00a0\u00bbno\u00a0\u00bb tablet_bg_img_hidden=\u00a0\u00bbno\u00a0\u00bb woodmart_parallax=\u00a0\u00bb0&Prime; woodmart_sticky_column=\u00a0\u00bbfalse\u00a0\u00bb parallax_scroll=\u00a0\u00bbno\u00a0\u00bb mobile_reset_margin=\u00a0\u00bbno\u00a0\u00bb tablet_reset_margin=\u00a0\u00bbno\u00a0\u00bb css=\u00a0\u00bb.vc_custom_1703170624387{margin-bottom: 40px !important;padding-top: 0px !important;}\u00a0\u00bb wd_z_index=\u00a0\u00bbno\u00a0\u00bb woodmart_css_id=\u00a0\u00bb65845239cbd7b\u00a0\u00bb responsive_spacing=\u00a0\u00bbeyJwYXJhbV90eXBlIjoid29vZG1hcnRfcmVzcG9uc2l2ZV9zcGFjaW5nIiwic2VsZWN0b3JfaWQiOiI2NTg0NTIzOWNiZDdiIiwic2hvcnRjb2RlIjoidmNfY29sdW1uIiwiZGF0YSI6eyJ0YWJsZXQiOnt9LCJtb2JpbGUiOnt9fX0=\u00a0\u00bb wd_collapsible_content_switcher=\u00a0\u00bbno\u00a0\u00bb wd_column_role_offcanvas_desktop=\u00a0\u00bbno\u00a0\u00bb wd_column_role_offcanvas_tablet=\u00a0\u00bbno\u00a0\u00bb wd_column_role_offcanvas_mobile=\u00a0\u00bbno\u00a0\u00bb wd_column_role_content_desktop=\u00a0\u00bbno\u00a0\u00bb wd_column_role_content_tablet=\u00a0\u00bbno\u00a0\u00bb wd_column_role_content_mobile=\u00a0\u00bbno\u00a0\u00bb woodmart_box_shadow=\u00a0\u00bbno\u00a0\u00bb]\n\t\t<div id=\"wd-69539dbf7ebb7\" class=\"title-wrapper wd-wpb set-mb-s reset-last-child  wd-rs-69539dbf7ebb7 wd-title-color-default wd-title-style-default text-left vc_custom_1767087580800 wd-underline-colored\">\n\t\t\t\n\t\t\t<div class=\"liner-continer\">\n\t\t\t\t<h4 class=\"woodmart-title-container title  wd-font-weight-900 wd-fontsize-l\" ><u>Ambulances <\/u> M\u00e9dicalis\u00e9s sur Paris<\/h4>\n\t\t\t\t\t\t\t<\/div>\n\t\t\t\n\t\t\t\n\t\t\t\n\t\t<\/div>\n\t\t\n\t\t\t\t<div id=\"wd-69539e09763ef\" class=\"wd-text-block wd-wpb reset-last-child wd-rs-69539e09763ef text-left wd-width-enabled wd-fontsize-custom \" style=\"--wd-max-width: 80%;\">\n\t\t\t<p>Chez<strong> Ambulances Davout<\/strong>, nous intervenons pour les transports vers les h\u00f4pitaux, cliniques, centres de soins, consultations m\u00e9dicales, ainsi que pour les retours \u00e0 domicile ou les transferts inter-\u00e9tablissements. Nos ambulanciers dipl\u00f4m\u00e9s et exp\u00e9riment\u00e9s sont form\u00e9s pour r\u00e9pondre \u00e0 chaque situation avec bienveillance, discr\u00e9tion et efficacit\u00e9, tout en respectant strictement les protocoles sanitaires en vigueur.<\/p>\n<p>Nous disposons d\u2019une flotte de v\u00e9hicules modernes, r\u00e9guli\u00e8rement entretenus et parfaitement \u00e9quip\u00e9s afin de garantir un transport optimal, adapt\u00e9 \u00e0 l\u2019\u00e9tat de sant\u00e9 de chaque patient. Disponible 24h\/24 et 7j\/7, notre service met un point d\u2019honneur \u00e0 offrir une prise en charge personnalis\u00e9e, en collaboration avec les professionnels de sant\u00e9.<\/p>\n\t\t<\/div>\n\t\t[\/vc_column][vc_column width=\u00a0\u00bb1\/2&Prime; offset=\u00a0\u00bbvc_col-xs-12&Prime; mobile_bg_img_hidden=\u00a0\u00bbno\u00a0\u00bb tablet_bg_img_hidden=\u00a0\u00bbno\u00a0\u00bb woodmart_parallax=\u00a0\u00bb0&Prime; woodmart_sticky_column=\u00a0\u00bbfalse\u00a0\u00bb parallax_scroll=\u00a0\u00bbno\u00a0\u00bb mobile_reset_margin=\u00a0\u00bbno\u00a0\u00bb tablet_reset_margin=\u00a0\u00bbno\u00a0\u00bb css=\u00a0\u00bb.vc_custom_1703170641067{margin-bottom: 40px !important;padding-top: 0px !important;}\u00a0\u00bb wd_z_index=\u00a0\u00bbno\u00a0\u00bb woodmart_css_id=\u00a0\u00bb65845247dba46&Prime; responsive_spacing=\u00a0\u00bbeyJwYXJhbV90eXBlIjoid29vZG1hcnRfcmVzcG9uc2l2ZV9zcGFjaW5nIiwic2VsZWN0b3JfaWQiOiI2NTg0NTI0N2RiYTQ2Iiwic2hvcnRjb2RlIjoidmNfY29sdW1uIiwiZGF0YSI6eyJ0YWJsZXQiOnt9LCJtb2JpbGUiOnt9fX0=\u00a0\u00bb wd_collapsible_content_switcher=\u00a0\u00bbno\u00a0\u00bb wd_column_role_offcanvas_desktop=\u00a0\u00bbno\u00a0\u00bb wd_column_role_offcanvas_tablet=\u00a0\u00bbno\u00a0\u00bb wd_column_role_offcanvas_mobile=\u00a0\u00bbno\u00a0\u00bb wd_column_role_content_desktop=\u00a0\u00bbno\u00a0\u00bb wd_column_role_content_tablet=\u00a0\u00bbno\u00a0\u00bb wd_column_role_content_mobile=\u00a0\u00bbno\u00a0\u00bb woodmart_box_shadow=\u00a0\u00bbno\u00a0\u00bb][vc_single_image image=\u00a0\u00bb9507&Prime; img_size=\u00a0\u00bbfull\u00a0\u00bb css=\u00a0\u00bb\u00a0\u00bb parallax_scroll=\u00a0\u00bbno\u00a0\u00bb woodmart_inline=\u00a0\u00bbno\u00a0\u00bb][vc_single_image image=\u00a0\u00bb9526&Prime; img_size=\u00a0\u00bbfull\u00a0\u00bb css=\u00a0\u00bb\u00a0\u00bb parallax_scroll=\u00a0\u00bbno\u00a0\u00bb woodmart_inline=\u00a0\u00bbno\u00a0\u00bb][\/vc_column][\/vc_row][vc_row content_placement=\u00a0\u00bbmiddle\u00a0\u00bb mobile_bg_img_hidden=\u00a0\u00bbno\u00a0\u00bb tablet_bg_img_hidden=\u00a0\u00bbno\u00a0\u00bb woodmart_parallax=\u00a0\u00bb0&Prime; woodmart_gradient_switch=\u00a0\u00bbno\u00a0\u00bb row_reverse_mobile=\u00a0\u00bb0&Prime; row_reverse_tablet=\u00a0\u00bb0&Prime; woodmart_disable_overflow=\u00a0\u00bb0&Prime; css=\u00a0\u00bb.vc_custom_1629301643461{margin-bottom: 60px !important;}\u00a0\u00bb el_id=\u00a0\u00bbApartments\u00a0\u00bb wd_z_index=\u00a0\u00bbno\u00a0\u00bb woodmart_css_id=\u00a0\u00bb611d2b8356ff5&Prime; responsive_spacing=\u00a0\u00bbeyJwYXJhbV90eXBlIjoid29vZG1hcnRfcmVzcG9uc2l2ZV9zcGFjaW5nIiwic2VsZWN0b3JfaWQiOiI2MTFkMmI4MzU2ZmY1Iiwic2hvcnRjb2RlIjoidmNfcm93IiwiZGF0YSI6eyJ0YWJsZXQiOnsibWFyZ2luLWJvdHRvbSI6IjQwIn0sIm1vYmlsZSI6eyJtYXJnaW4tYm90dG9tIjoiMjAifX19&Prime;][vc_column width=\u00a0\u00bb1\/2&Prime; css=\u00a0\u00bb.vc_custom_1629301623629{margin-bottom: 40px !important;padding-top: 0px !important;}\u00a0\u00bb mobile_bg_img_hidden=\u00a0\u00bbno\u00a0\u00bb tablet_bg_img_hidden=\u00a0\u00bbno\u00a0\u00bb woodmart_parallax=\u00a0\u00bb0&Prime; woodmart_sticky_column=\u00a0\u00bbfalse\u00a0\u00bb parallax_scroll=\u00a0\u00bbno\u00a0\u00bb mobile_reset_margin=\u00a0\u00bbno\u00a0\u00bb tablet_reset_margin=\u00a0\u00bbno\u00a0\u00bb offset=\u00a0\u00bbvc_col-lg-6 vc_col-md-6 vc_col-xs-12&Prime; wd_z_index=\u00a0\u00bbno\u00a0\u00bb woodmart_css_id=\u00a0\u00bb611d2b74e6764&Prime; responsive_spacing=\u00a0\u00bbeyJwYXJhbV90eXBlIjoid29vZG1hcnRfcmVzcG9uc2l2ZV9zcGFjaW5nIiwic2VsZWN0b3JfaWQiOiI2MTFkMmI3NGU2NzY0Iiwic2hvcnRjb2RlIjoidmNfY29sdW1uIiwiZGF0YSI6eyJ0YWJsZXQiOnt9LCJtb2JpbGUiOnt9fX0=\u00a0\u00bb]\t\t<div id=\"wd-69539e822d9ed\" class=\"wd-image wd-wpb wd-rs-69539e822d9ed text-left vc_custom_1767087785554\">\n\t\t\t\n\t\t\t<img loading=\"lazy\" decoding=\"async\" width=\"2560\" height=\"1440\" src=\"https:\/\/www.ambulancesdavout.fr\/wp-content\/uploads\/2025\/12\/IMG_2982-scaled.jpg\" class=\"attachment-full size-full\" alt=\"\" srcset=\"https:\/\/www.ambulancesdavout.fr\/wp-content\/uploads\/2025\/12\/IMG_2982-scaled.jpg 2560w, https:\/\/www.ambulancesdavout.fr\/wp-content\/uploads\/2025\/12\/IMG_2982-400x225.jpg 400w, https:\/\/www.ambulancesdavout.fr\/wp-content\/uploads\/2025\/12\/IMG_2982-1300x731.jpg 1300w, https:\/\/www.ambulancesdavout.fr\/wp-content\/uploads\/2025\/12\/IMG_2982-768x432.jpg 768w, https:\/\/www.ambulancesdavout.fr\/wp-content\/uploads\/2025\/12\/IMG_2982-1536x864.jpg 1536w, https:\/\/www.ambulancesdavout.fr\/wp-content\/uploads\/2025\/12\/IMG_2982-2048x1152.jpg 2048w, https:\/\/www.ambulancesdavout.fr\/wp-content\/uploads\/2025\/12\/IMG_2982-860x484.jpg 860w, https:\/\/www.ambulancesdavout.fr\/wp-content\/uploads\/2025\/12\/IMG_2982-430x242.jpg 430w, https:\/\/www.ambulancesdavout.fr\/wp-content\/uploads\/2025\/12\/IMG_2982-700x394.jpg 700w, https:\/\/www.ambulancesdavout.fr\/wp-content\/uploads\/2025\/12\/IMG_2982-150x84.jpg 150w\" sizes=\"auto, (max-width: 2560px) 100vw, 2560px\" \/>\n\t\t\t\t\t<\/div>\n\t\t[vc_single_image image=\u00a0\u00bb9516&Prime; img_size=\u00a0\u00bbfull\u00a0\u00bb css=\u00a0\u00bb\u00a0\u00bb parallax_scroll=\u00a0\u00bbno\u00a0\u00bb woodmart_inline=\u00a0\u00bbno\u00a0\u00bb][\/vc_column][vc_column width=\u00a0\u00bb1\/2&Prime; css=\u00a0\u00bb.vc_custom_1629301632932{margin-bottom: 40px !important;padding-top: 0px !important;}\u00a0\u00bb mobile_bg_img_hidden=\u00a0\u00bbno\u00a0\u00bb tablet_bg_img_hidden=\u00a0\u00bbno\u00a0\u00bb woodmart_parallax=\u00a0\u00bb0&Prime; woodmart_sticky_column=\u00a0\u00bbfalse\u00a0\u00bb parallax_scroll=\u00a0\u00bbno\u00a0\u00bb mobile_reset_margin=\u00a0\u00bbno\u00a0\u00bb tablet_reset_margin=\u00a0\u00bbno\u00a0\u00bb offset=\u00a0\u00bbvc_col-lg-6 vc_col-md-6 vc_col-xs-12&Prime; wd_z_index=\u00a0\u00bbno\u00a0\u00bb woodmart_css_id=\u00a0\u00bb611d2b79c154a\u00a0\u00bb responsive_spacing=\u00a0\u00bbeyJwYXJhbV90eXBlIjoid29vZG1hcnRfcmVzcG9uc2l2ZV9zcGFjaW5nIiwic2VsZWN0b3JfaWQiOiI2MTFkMmI3OWMxNTRhIiwic2hvcnRjb2RlIjoidmNfY29sdW1uIiwiZGF0YSI6eyJ0YWJsZXQiOnt9LCJtb2JpbGUiOnt9fX0=\u00a0\u00bb]\n\t\t<div id=\"wd-6953a8d1b27c6\" class=\"title-wrapper wd-wpb set-mb-s reset-last-child  wd-rs-6953a8d1b27c6 wd-title-color-primary wd-title-style-default text-left vc_custom_1767090425264 wd-underline-colored\">\n\t\t\t\t\t\t\t<div class=\"title-subtitle  subtitle-color-primary font-alt subtitle-style-default wd-font-weight-600 wd-fontsize-m\">EN SAVOIR PLUS<\/div>\n\t\t\t\n\t\t\t<div class=\"liner-continer\">\n\t\t\t\t<h4 class=\"woodmart-title-container title  wd-font-weight- wd-fontsize-xxxl\" >SUR LA QUALITE DE NOS AMBULANCES<\/h4>\n\t\t\t\t\t\t\t<\/div>\n\t\t\t\n\t\t\t\n\t\t\t\n\t\t<\/div>\n\t\t\n\t\t\t\t<div id=\"wd-6953a116f383b\" class=\"wd-text-block wd-wpb reset-last-child wd-rs-6953a116f383b text-left wd-width-enabled \" style=\"--wd-max-width: 90%;\">\n\t\t\t<p>L\u2019excellence des <a href=\"https:\/\/www.ambulancesdavout.fr\/\"><strong>Ambulances Davout<\/strong><\/a> repose sur une prise en charge alliant confort, s\u00e9curit\u00e9 et efficacit\u00e9 pour les patients dont l\u2019\u00e9tat de sant\u00e9 permet un transport assis. Gr\u00e2ce \u00e0 des v\u00e9hicules m\u00e9dicalis\u00e9s climatis\u00e9s, modernes et parfaitement entretenus, ce mode de transport garantit des d\u00e9placements agr\u00e9ables, m\u00eame sur de longues distances, tout en respectant les exigences m\u00e9dicales.<\/p>\n<p>Chaque voiture est \u00e9quip\u00e9e pour assurer le bien-\u00eatre du patient : <strong>si\u00e8ges ergonomiques, climatisation r\u00e9glable, hygi\u00e8ne irr\u00e9prochable et mat\u00e9riel m\u00e9dical conforme aux normes en vigueur<\/strong>. Les ambulanciers et conducteurs sp\u00e9cialis\u00e9s assurent une pr\u00e9sence attentive et professionnelle, capables d\u2019accompagner les patients avec bienveillance, discr\u00e9tion et respect.<\/p>\n\t\t<\/div>\n\t\t[\/vc_column][\/vc_row][vc_row css=\u00a0\u00bb.vc_custom_1620917425355{margin-bottom: -40px !important;}\u00a0\u00bb mobile_bg_img_hidden=\u00a0\u00bbno\u00a0\u00bb tablet_bg_img_hidden=\u00a0\u00bbno\u00a0\u00bb woodmart_parallax=\u00a0\u00bb0&Prime; woodmart_gradient_switch=\u00a0\u00bbno\u00a0\u00bb row_reverse_mobile=\u00a0\u00bb0&Prime; row_reverse_tablet=\u00a0\u00bb0&Prime; woodmart_disable_overflow=\u00a0\u00bb0&Prime; el_id=\u00a0\u00bbAbout_Us\u00a0\u00bb][vc_column css=\u00a0\u00bb.vc_custom_1620824402054{padding-top: 0px !important;}\u00a0\u00bb mobile_bg_img_hidden=\u00a0\u00bbno\u00a0\u00bb tablet_bg_img_hidden=\u00a0\u00bbno\u00a0\u00bb woodmart_parallax=\u00a0\u00bb0&Prime; woodmart_sticky_column=\u00a0\u00bbfalse\u00a0\u00bb parallax_scroll=\u00a0\u00bbno\u00a0\u00bb mobile_reset_margin=\u00a0\u00bbno\u00a0\u00bb tablet_reset_margin=\u00a0\u00bbno\u00a0\u00bb]\n\t\t<div id=\"wd-6953a3fe8c135\" class=\"title-wrapper wd-wpb set-mb-s reset-last-child  wd-rs-6953a3fe8c135 wd-title-color-primary wd-title-style-default text-center vc_custom_1767089165995 wd-underline-colored\">\n\t\t\t\t\t\t\t<div class=\"title-subtitle  subtitle-color-primary font-alt subtitle-style-default wd-font-weight-600 wd-fontsize-m\">CHOSIR UN TRANSPORT MEDICALISE<\/div>\n\t\t\t\n\t\t\t<div class=\"liner-continer\">\n\t\t\t\t<h4 class=\"woodmart-title-container title  wd-font-weight- wd-fontsize-xxxl\" >C'est opter pour un service humain.<\/h4>\n\t\t\t\t\t\t\t<\/div>\n\t\t\t\n\t\t\t\t\t\t\t<div class=\"title-after_title  set-cont-mb-s reset-last-child  wd-fontsize-s\">Les Ambulances Davout repr\u00e9sentent une solution id\u00e9ale pour les consultations, traitements r\u00e9guliers, hospitalisations programm\u00e9es ou retours \u00e0 domicile. Elles offrent une alternative fiable, ponctuelle et \u00e9conomique, sans compromis sur la qualit\u00e9 du service. La coordination avec les \u00e9tablissements de sant\u00e9 et le respect des horaires font partie int\u00e9grante de cette exigence d\u2019excellence.<\/div>\n\t\t\t\n\t\t\t\n\t\t<\/div>\n\t\t\n\t\t[\/vc_column][\/vc_row]<\/p>\n<\/div>","protected":false},"excerpt":{"rendered":"<p>[vc_row full_width=\u00a0\u00bbstretch_row\u00a0\u00bb content_placement=\u00a0\u00bbmiddle\u00a0\u00bb woodmart_bg_position=\u00a0\u00bbleft-top\u00a0\u00bb css=\u00a0\u00bb.vc_custom_1703773172666{margin-bottom: 60px !important;padding-top: 230px !important;background-image: url(http:\/\/www.ambulancesdavout.fr\/wp-content\/uploads\/2021\/08\/real-estate-bg-top.svg?id=4903) !important;background-position: 0 0 !important;background-repeat: no-repeat !important;}\u00a0\u00bb mobile_bg_img_hidden=\u00a0\u00bbno\u00a0\u00bb tablet_bg_img_hidden=\u00a0\u00bbno\u00a0\u00bb woodmart_parallax=\u00a0\u00bb0&Prime; woodmart_gradient_switch=\u00a0\u00bbno\u00a0\u00bb<\/p>\n","protected":false},"author":1,"featured_media":0,"parent":0,"menu_order":0,"comment_status":"closed","ping_status":"closed","template":"","meta":{"footnotes":""},"class_list":["post-4878","page","type-page","status-publish","hentry"],"_links":{"self":[{"href":"https:\/\/www.ambulancesdavout.fr\/index.php\/wp-json\/wp\/v2\/pages\/4878","targetHints":{"allow":["GET"]}}],"collection":[{"href":"https:\/\/www.ambulancesdavout.fr\/index.php\/wp-json\/wp\/v2\/pages"}],"about":[{"href":"https:\/\/www.ambulancesdavout.fr\/index.php\/wp-json\/wp\/v2\/types\/page"}],"author":[{"embeddable":true,"href":"https:\/\/www.ambulancesdavout.fr\/index.php\/wp-json\/wp\/v2\/users\/1"}],"replies":[{"embeddable":true,"href":"https:\/\/www.ambulancesdavout.fr\/index.php\/wp-json\/wp\/v2\/comments?post=4878"}],"version-history":[{"count":13,"href":"https:\/\/www.ambulancesdavout.fr\/index.php\/wp-json\/wp\/v2\/pages\/4878\/revisions"}],"predecessor-version":[{"id":9527,"href":"https:\/\/www.ambulancesdavout.fr\/index.php\/wp-json\/wp\/v2\/pages\/4878\/revisions\/9527"}],"wp:attachment":[{"href":"https:\/\/www.ambulancesdavout.fr\/index.php\/wp-json\/wp\/v2\/media?parent=4878"}],"curies":[{"name":"wp","href":"https:\/\/api.w.org\/{rel}","templated":true}]}}